{"id":11262,"date":"2025-04-08T18:05:28","date_gmt":"2025-04-08T16:05:28","guid":{"rendered":"https:\/\/localiarreda.it\/restyling-e-design-outdoor\/"},"modified":"2025-04-09T09:10:18","modified_gmt":"2025-04-09T07:10:18","slug":"restyling-e-design-outdoor","status":"publish","type":"page","link":"https:\/\/localiarreda.it\/es\/restyling-e-design-outdoor\/","title":{"rendered":"Restyling y Dise\u00f1o de Exteriores"},"content":{"rendered":"\n<div style=\"height:50px\" aria-hidden=\"true\" class=\"wp-block-spacer rcwdSpace-hidein-mobile\"><\/div>\n\n<div class=\"wp-block-cover alignfull is-light has-parallax rcwdCover rcwdCover1\" style=\"min-height:100vh;aspect-ratio:unset;\"><span aria-hidden=\"true\" class=\"wp-block-cover__background has-background-dim-0 has-background-dim\"><\/span><div class=\"wp-block-cover__image-background wp-image-11246 has-parallax\" style=\"background-position:50% 50%;background-image:url(https:\/\/localiarreda.it\/wp-content\/uploads\/2025\/04\/Silvestrini_HD18.jpg)\"><\/div><div class=\"wp-block-cover__inner-container is-layout-constrained wp-block-cover-is-layout-constrained\">\n<p class=\"has-text-align-center has-large-font-size\"><\/p>\n<\/div><\/div>\n\n<div style=\"height:80px\" aria-hidden=\"true\" class=\"wp-block-spacer\"><\/div>\n\n<p>Localiarreda est\u00e1 especializada en el restyling y dise\u00f1o de espacios exteriores para locales comerciales, restaurantes, bares y alojamientos. Ofrecemos soluciones a medida para crear entornos exteriores que combinen est\u00e9tica, funcionalidad y confort, tratando cada espacio con el mismo cuidado que los espacios interiores. <\/p>\n\n<p>Cada proyecto se dise\u00f1a en funci\u00f3n de las necesidades espec\u00edficas del cliente y del contexto circundante, garantizando resultados personalizados y \u00fanicos. Con nuestro enfoque, transformamos los espacios exteriores en lugares que cautivan y ofrecen experiencias inolvidables a tus clientes, satisfaciendo todas las necesidades est\u00e9ticas y pr\u00e1cticas. <\/p>\n\n<div style=\"height:100px\" aria-hidden=\"true\" class=\"wp-block-spacer rcwdSpace-mobile-50\"><\/div>\n\n<div class=\"wp-block-columns is-layout-flex wp-container-core-columns-is-layout-9d6595d7 wp-block-columns-is-layout-flex\">\n<div class=\"wp-block-column is-layout-flow wp-block-column-is-layout-flow\">\n<h3 class=\"wp-block-heading\">Dise\u00f1o y realizaci\u00f3n<\/h3>\n\n\n\n<p>Damos forma a espacios exteriores armoniosos y funcionales, cuidando todos los aspectos del dise\u00f1o de exteriores: desde la elecci\u00f3n de materiales a la iluminaci\u00f3n, desde la ac\u00fastica al dise\u00f1o floral. Cada detalle est\u00e1 pensado para ofrecer atm\u00f3sferas evocadoras y una experiencia envolvente. <\/p>\n<\/div>\n\n\n\n<div class=\"wp-block-column is-layout-flow wp-block-column-is-layout-flow\">\n<h3 class=\"wp-block-heading\">Servicio completo llave en mano<\/h3>\n\n\n\n<p>Desde el asesoramiento hasta la planificaci\u00f3n y ejecuci\u00f3n, ofrecemos un servicio llave en mano que garantiza soluciones personalizadas e innovadoras que complementan a la perfecci\u00f3n el estilo del lugar de celebraci\u00f3n. Nos encargamos de todo, para un resultado impecable y sin preocupaciones. <\/p>\n<\/div>\n\n\n\n<div class=\"wp-block-column is-layout-flow wp-block-column-is-layout-flow\">\n<h3 class=\"wp-block-heading\">Colaboraciones con los mejores socios<\/h3>\n\n\n\n<p>Trabajamos con marcas de excelencia como Corradi, Fim, Serralunga y Horticultural, para garantizar muebles de exterior de alta calidad, soluciones a medida y tecnolog\u00eda punta, creando espacios \u00fanicos y duraderos.<\/p>\n<\/div>\n<\/div>\n\n<div style=\"height:100px\" aria-hidden=\"true\" class=\"wp-block-spacer rcwdSpace-mobile-50\"><\/div>\n\n<div class=\"wp-block-cover alignfull has-parallax rcwdCover rcwdCover1\" style=\"min-height:100vh;aspect-ratio:unset;\"><span aria-hidden=\"true\" class=\"wp-block-cover__background has-background-dim-0 has-background-dim\"><\/span><div class=\"wp-block-cover__image-background wp-image-11250 has-parallax\" style=\"background-position:50% 50%;background-image:url(https:\/\/localiarreda.it\/wp-content\/uploads\/2025\/04\/A2A8381-HDR.jpg)\"><\/div><div class=\"wp-block-cover__inner-container is-layout-constrained wp-block-cover-is-layout-constrained\">\n<p class=\"has-text-align-center has-large-font-size\"><\/p>\n<\/div><\/div>\n\n<div style=\"height:100px\" aria-hidden=\"true\" class=\"wp-block-spacer rcwdSpace-mobile-50\"><\/div>\n<div class=\"wp-block-image\">\n<figure class=\"aligncenter size-large\"><img loading=\"lazy\" decoding=\"async\" width=\"1024\" height=\"220\" src=\"https:\/\/localiarreda.it\/wp-content\/uploads\/2025\/04\/loghi-1024x220.jpg\" alt=\"\" class=\"wp-image-11254\" srcset=\"https:\/\/localiarreda.it\/wp-content\/uploads\/2025\/04\/loghi-1024x220.jpg 1024w, https:\/\/localiarreda.it\/wp-content\/uploads\/2025\/04\/loghi-300x65.jpg 300w, https:\/\/localiarreda.it\/wp-content\/uploads\/2025\/04\/loghi-768x165.jpg 768w, https:\/\/localiarreda.it\/wp-content\/uploads\/2025\/04\/loghi-1536x330.jpg 1536w, https:\/\/localiarreda.it\/wp-content\/uploads\/2025\/04\/loghi.jpg 2000w\" sizes=\"auto, (max-width: 1024px) 100vw, 1024px\" \/><\/figure>\n<\/div>\n<div style=\"height:100px\" aria-hidden=\"true\" class=\"wp-block-spacer rcwdSpace-mobile-50\"><\/div>\n\n<p><\/p>\n","protected":false},"excerpt":{"rendered":"<p>Localiarreda est\u00e1 especializada en el restyling y dise\u00f1o de espacios exteriores para locales comerciales, restaurantes, bares y alojamientos. Ofrecemos soluciones a medida para crear entornos exteriores que combinen est\u00e9tica, funcionalidad y confort, tratando cada espacio con el mismo cuidado que [&hellip;]<\/p>\n","protected":false},"author":15,"featured_media":0,"parent":0,"menu_order":0,"comment_status":"closed","ping_status":"closed","template":"","meta":{"_acf_changed":false,"footnotes":""},"class_list":["post-11262","page","type-page","status-publish","hentry"],"acf":[],"yoast_head":"<!-- This site is optimized with the Yoast SEO plugin v25.2 - https:\/\/yoast.com\/wordpress\/plugins\/seo\/ -->\n<title>Restyling y Dise\u00f1o de Exteriores | Localiarreda<\/title>\n<meta name=\"robots\" content=\"index, follow, max-snippet:-1, max-image-preview:large, max-video-preview:-1\" \/>\n<link rel=\"canonical\" href=\"https:\/\/localiarreda.it\/es\/restyling-e-design-outdoor\/\" \/>\n<meta property=\"og:locale\" content=\"es_ES\" \/>\n<meta property=\"og:type\" content=\"article\" \/>\n<meta property=\"og:title\" content=\"Restyling y Dise\u00f1o de Exteriores | Localiarreda\" \/>\n<meta property=\"og:description\" content=\"Localiarreda est\u00e1 especializada en el restyling y dise\u00f1o de espacios exteriores para locales comerciales, restaurantes, bares y alojamientos. Ofrecemos soluciones a medida para crear entornos exteriores que combinen est\u00e9tica, funcionalidad y confort, tratando cada espacio con el mismo cuidado que [&hellip;]\" \/>\n<meta property=\"og:url\" content=\"https:\/\/localiarreda.it\/es\/restyling-e-design-outdoor\/\" \/>\n<meta property=\"og:site_name\" content=\"Localiarreda\" \/>\n<meta property=\"article:modified_time\" content=\"2025-04-09T07:10:18+00:00\" \/>\n<meta property=\"og:image\" content=\"https:\/\/localiarreda.it\/wp-content\/uploads\/2025\/04\/loghi.jpg\" \/>\n\t<meta property=\"og:image:width\" content=\"2000\" \/>\n\t<meta property=\"og:image:height\" content=\"430\" \/>\n\t<meta property=\"og:image:type\" content=\"image\/jpeg\" \/>\n<meta name=\"twitter:card\" content=\"summary_large_image\" \/>\n<meta name=\"twitter:label1\" content=\"Tiempo de lectura\" \/>\n\t<meta name=\"twitter:data1\" content=\"1 minuto\" \/>\n<script type=\"application\/ld+json\" class=\"yoast-schema-graph\">{\"@context\":\"https:\/\/schema.org\",\"@graph\":[{\"@type\":\"WebPage\",\"@id\":\"https:\/\/localiarreda.it\/es\/restyling-e-design-outdoor\/\",\"url\":\"https:\/\/localiarreda.it\/es\/restyling-e-design-outdoor\/\",\"name\":\"Restyling y Dise\u00f1o de Exteriores | Localiarreda\",\"isPartOf\":{\"@id\":\"https:\/\/localiarreda.it\/es\/#website\"},\"primaryImageOfPage\":{\"@id\":\"https:\/\/localiarreda.it\/es\/restyling-e-design-outdoor\/#primaryimage\"},\"image\":{\"@id\":\"https:\/\/localiarreda.it\/es\/restyling-e-design-outdoor\/#primaryimage\"},\"thumbnailUrl\":\"https:\/\/localiarreda.it\/wp-content\/uploads\/2025\/04\/loghi-1024x220.jpg\",\"datePublished\":\"2025-04-08T16:05:28+00:00\",\"dateModified\":\"2025-04-09T07:10:18+00:00\",\"breadcrumb\":{\"@id\":\"https:\/\/localiarreda.it\/es\/restyling-e-design-outdoor\/#breadcrumb\"},\"inLanguage\":\"es\",\"potentialAction\":[{\"@type\":\"ReadAction\",\"target\":[\"https:\/\/localiarreda.it\/es\/restyling-e-design-outdoor\/\"]}]},{\"@type\":\"ImageObject\",\"inLanguage\":\"es\",\"@id\":\"https:\/\/localiarreda.it\/es\/restyling-e-design-outdoor\/#primaryimage\",\"url\":\"https:\/\/localiarreda.it\/wp-content\/uploads\/2025\/04\/loghi-1024x220.jpg\",\"contentUrl\":\"https:\/\/localiarreda.it\/wp-content\/uploads\/2025\/04\/loghi-1024x220.jpg\"},{\"@type\":\"BreadcrumbList\",\"@id\":\"https:\/\/localiarreda.it\/es\/restyling-e-design-outdoor\/#breadcrumb\",\"itemListElement\":[{\"@type\":\"ListItem\",\"position\":1,\"name\":\"Home\",\"item\":\"https:\/\/localiarreda.it\/es\/pagina-de-inicio\/\"},{\"@type\":\"ListItem\",\"position\":2,\"name\":\"Restyling y Dise\u00f1o de Exteriores\"}]},{\"@type\":\"WebSite\",\"@id\":\"https:\/\/localiarreda.it\/es\/#website\",\"url\":\"https:\/\/localiarreda.it\/es\/\",\"name\":\"Localiarreda\",\"description\":\"Progettiamo e arrediamo il tuo locale da sogno\",\"publisher\":{\"@id\":\"https:\/\/localiarreda.it\/es\/#organization\"},\"potentialAction\":[{\"@type\":\"SearchAction\",\"target\":{\"@type\":\"EntryPoint\",\"urlTemplate\":\"https:\/\/localiarreda.it\/es\/?s={search_term_string}\"},\"query-input\":{\"@type\":\"PropertyValueSpecification\",\"valueRequired\":true,\"valueName\":\"search_term_string\"}}],\"inLanguage\":\"es\"},{\"@type\":\"Organization\",\"@id\":\"https:\/\/localiarreda.it\/es\/#organization\",\"name\":\"Localiarreda\",\"url\":\"https:\/\/localiarreda.it\/es\/\",\"logo\":{\"@type\":\"ImageObject\",\"inLanguage\":\"es\",\"@id\":\"https:\/\/localiarreda.it\/es\/#\/schema\/logo\/image\/\",\"url\":\"https:\/\/localiarreda.it\/wp-content\/uploads\/2022\/01\/nuovo-logo-localiarreda-nero.png\",\"contentUrl\":\"https:\/\/localiarreda.it\/wp-content\/uploads\/2022\/01\/nuovo-logo-localiarreda-nero.png\",\"width\":350,\"height\":76,\"caption\":\"Localiarreda\"},\"image\":{\"@id\":\"https:\/\/localiarreda.it\/es\/#\/schema\/logo\/image\/\"}}]}<\/script>\n<!-- \/ Yoast SEO plugin. -->","yoast_head_json":{"title":"Restyling y Dise\u00f1o de Exteriores | Localiarreda","robots":{"index":"index","follow":"follow","max-snippet":"max-snippet:-1","max-image-preview":"max-image-preview:large","max-video-preview":"max-video-preview:-1"},"canonical":"https:\/\/localiarreda.it\/es\/restyling-e-design-outdoor\/","og_locale":"es_ES","og_type":"article","og_title":"Restyling y Dise\u00f1o de Exteriores | Localiarreda","og_description":"Localiarreda est\u00e1 especializada en el restyling y dise\u00f1o de espacios exteriores para locales comerciales, restaurantes, bares y alojamientos. Ofrecemos soluciones a medida para crear entornos exteriores que combinen est\u00e9tica, funcionalidad y confort, tratando cada espacio con el mismo cuidado que [&hellip;]","og_url":"https:\/\/localiarreda.it\/es\/restyling-e-design-outdoor\/","og_site_name":"Localiarreda","article_modified_time":"2025-04-09T07:10:18+00:00","og_image":[{"width":2000,"height":430,"url":"https:\/\/localiarreda.it\/wp-content\/uploads\/2025\/04\/loghi.jpg","type":"image\/jpeg"}],"twitter_card":"summary_large_image","twitter_misc":{"Tiempo de lectura":"1 minuto"},"schema":{"@context":"https:\/\/schema.org","@graph":[{"@type":"WebPage","@id":"https:\/\/localiarreda.it\/es\/restyling-e-design-outdoor\/","url":"https:\/\/localiarreda.it\/es\/restyling-e-design-outdoor\/","name":"Restyling y Dise\u00f1o de Exteriores | Localiarreda","isPartOf":{"@id":"https:\/\/localiarreda.it\/es\/#website"},"primaryImageOfPage":{"@id":"https:\/\/localiarreda.it\/es\/restyling-e-design-outdoor\/#primaryimage"},"image":{"@id":"https:\/\/localiarreda.it\/es\/restyling-e-design-outdoor\/#primaryimage"},"thumbnailUrl":"https:\/\/localiarreda.it\/wp-content\/uploads\/2025\/04\/loghi-1024x220.jpg","datePublished":"2025-04-08T16:05:28+00:00","dateModified":"2025-04-09T07:10:18+00:00","breadcrumb":{"@id":"https:\/\/localiarreda.it\/es\/restyling-e-design-outdoor\/#breadcrumb"},"inLanguage":"es","potentialAction":[{"@type":"ReadAction","target":["https:\/\/localiarreda.it\/es\/restyling-e-design-outdoor\/"]}]},{"@type":"ImageObject","inLanguage":"es","@id":"https:\/\/localiarreda.it\/es\/restyling-e-design-outdoor\/#primaryimage","url":"https:\/\/localiarreda.it\/wp-content\/uploads\/2025\/04\/loghi-1024x220.jpg","contentUrl":"https:\/\/localiarreda.it\/wp-content\/uploads\/2025\/04\/loghi-1024x220.jpg"},{"@type":"BreadcrumbList","@id":"https:\/\/localiarreda.it\/es\/restyling-e-design-outdoor\/#breadcrumb","itemListElement":[{"@type":"ListItem","position":1,"name":"Home","item":"https:\/\/localiarreda.it\/es\/pagina-de-inicio\/"},{"@type":"ListItem","position":2,"name":"Restyling y Dise\u00f1o de Exteriores"}]},{"@type":"WebSite","@id":"https:\/\/localiarreda.it\/es\/#website","url":"https:\/\/localiarreda.it\/es\/","name":"Localiarreda","description":"Progettiamo e arrediamo il tuo locale da sogno","publisher":{"@id":"https:\/\/localiarreda.it\/es\/#organization"},"potentialAction":[{"@type":"SearchAction","target":{"@type":"EntryPoint","urlTemplate":"https:\/\/localiarreda.it\/es\/?s={search_term_string}"},"query-input":{"@type":"PropertyValueSpecification","valueRequired":true,"valueName":"search_term_string"}}],"inLanguage":"es"},{"@type":"Organization","@id":"https:\/\/localiarreda.it\/es\/#organization","name":"Localiarreda","url":"https:\/\/localiarreda.it\/es\/","logo":{"@type":"ImageObject","inLanguage":"es","@id":"https:\/\/localiarreda.it\/es\/#\/schema\/logo\/image\/","url":"https:\/\/localiarreda.it\/wp-content\/uploads\/2022\/01\/nuovo-logo-localiarreda-nero.png","contentUrl":"https:\/\/localiarreda.it\/wp-content\/uploads\/2022\/01\/nuovo-logo-localiarreda-nero.png","width":350,"height":76,"caption":"Localiarreda"},"image":{"@id":"https:\/\/localiarreda.it\/es\/#\/schema\/logo\/image\/"}}]}},"_links":{"self":[{"href":"https:\/\/localiarreda.it\/es\/wp-json\/wp\/v2\/pages\/11262","targetHints":{"allow":["GET"]}}],"collection":[{"href":"https:\/\/localiarreda.it\/es\/wp-json\/wp\/v2\/pages"}],"about":[{"href":"https:\/\/localiarreda.it\/es\/wp-json\/wp\/v2\/types\/page"}],"author":[{"embeddable":true,"href":"https:\/\/localiarreda.it\/es\/wp-json\/wp\/v2\/users\/15"}],"replies":[{"embeddable":true,"href":"https:\/\/localiarreda.it\/es\/wp-json\/wp\/v2\/comments?post=11262"}],"version-history":[{"count":1,"href":"https:\/\/localiarreda.it\/es\/wp-json\/wp\/v2\/pages\/11262\/revisions"}],"predecessor-version":[{"id":11263,"href":"https:\/\/localiarreda.it\/es\/wp-json\/wp\/v2\/pages\/11262\/revisions\/11263"}],"wp:attachment":[{"href":"https:\/\/localiarreda.it\/es\/wp-json\/wp\/v2\/media?parent=11262"}],"curies":[{"name":"wp","href":"https:\/\/api.w.org\/{rel}","templated":true}]}}