{"id":10887,"date":"2019-12-19T16:44:32","date_gmt":"2019-12-19T14:44:32","guid":{"rendered":"https:\/\/localiarreda.it\/quienes-somos\/"},"modified":"2025-12-18T15:36:24","modified_gmt":"2025-12-18T13:36:24","slug":"quienes-somos","status":"publish","type":"page","link":"https:\/\/localiarreda.it\/es\/quienes-somos\/","title":{"rendered":"Quienes somos"},"content":{"rendered":"\n<div class=\"wp-block-satelite-gutenberg-container small\" style=\"background-color:transparent;text-align:left\">\n<div class=\"wp-block-satelite-gutenberg-container text-align-center container-ceo\" style=\"background-color:transparent;text-align:left\">\n<div class=\"one_half text-align-left\"><img decoding=\"async\" src=\"https:\/\/localiarreda.it\/wp-content\/uploads\/2022\/01\/andrea-nonni-b-w.jpg\"\/><\/div><div class=\"one_half text-align-left last\">\n\n\n\n<p class=\"has-text-align-center\"><\/p><p class=\"has-animation testo-ceo\" style=\"text-align: left;\"><span class=\"virgoletta-1\">\u00ab<\/span>Cuando dise\u00f1o, me inspiro en la naturaleza: ella aprendi\u00f3 a dise\u00f1ar antes que nosotros. Observarla es el verdadero secreto de la innovaci\u00f3n y el dise\u00f1o para crear nuevas tendencias en lugar de perseguir modas pasajeras. Hoy m\u00e1s que nunca debemos entender que mirar al futuro significa aprender del pasado, abrazar la ecosostenibilidad, anticiparnos a las necesidades del entorno para responder con soluciones innovadoras y exclusivas a las demandas de quienes, el mundo, lo viven cada d\u00eda. Somos Localiarreda, dise\u00f1amos locales de ensue\u00f1o y ayudamos a quienes tienen el sue\u00f1o de abrir un local<span class=\"virgoletta-2\">\u00ab.<\/span>   <\/p>\n        <div class=\"firma-ceo\"><i> Andrea Nonni<br\/>CEO &#038; Founder<\/i><\/div>\n\n\n\n<\/div>\n<\/div>\n\n\n\n<div class=\"wp-block-satelite-gutenberg-container text-align-center\" style=\"background-color:transparent;text-align:left\">\n<h2 class=\"wp-block-heading has-text-align-center has-mask\">Las mejores ideas no proceden de la raz\u00f3n, sino de la locura l\u00facida y visionaria.<\/h2>\n\n\n\n<p class=\"has-text-align-center has-animation testo-team\">Localiarreda es una de las principales empresas de reformas en el sector Ho.Re.Ca. y Retail. Desde la planificaci\u00f3n hasta el acondicionamiento del local, ofrece al cliente las mejores propuestas creativas para un proyecto a medida que incluye interiorismo, arquitectura, branding, consultor\u00eda de alimentaci\u00f3n y bebidas, comunicaci\u00f3n, servicios fotogr\u00e1ficos y mucho m\u00e1s. Funcionalidad y est\u00e9tica son las piedras angulares en torno a las que gira cada proyecto. Los expertos de Localiarreda acompa\u00f1an al cliente paso a paso en todas las fases del trabajo, proponiendo siempre soluciones nuevas e innovadoras.    <\/p>\n\n\n\n<div class=\"has-text-align-center\" style=\"margin-bottom:30px\"><a href=\"https:\/\/localiarreda.it\/wp-content\/uploads\/2025\/12\/magazine_2025.pdf\" target=\"_blank\" rel=\"noopener\"> <input style=\"background-color: #ffffff; color: #606060; border-color: #d5d5d5; border-radius: 5px; cursor: pointer; border-width: 1px; padding: 10px; margin: 10px;\" type=\"button\" value=\"Magazine 2025\"\/> <\/a> <a href=\"https:\/\/localiarreda.it\/wp-content\/uploads\/2023\/06\/Magazine-Localiarreda-N1-2023-1.pdf\" target=\"_blank\" rel=\"noopener\"> <input style=\"background-color: #ffffff; color: #606060; border-color: #d5d5d5; border-radius: 5px; cursor: pointer; border-width: 1px; padding: 10px; margin: 10px;\" type=\"button\" value=\"Magazine 2023\"\/> <\/a>\n        <br\/><\/div>\n\n\n\n<div class=\"wp-block-satelite-gutenberg-container alignfull\" style=\"background-color:transparent;text-align:left\"><div class=\"wp-block-image aligncenter has-animation has-parallax\">\n<figure class=\"size-large\"><img decoding=\"async\" src=\"https:\/\/localiarreda.it\/wp-content\/uploads\/2025\/07\/team2025.jpg\" alt=\"\" class=\"wp-image-7715\" title=\"\"\/><\/figure>\n<\/div><\/div>\n<\/div>\n<\/div>\n\n","protected":false},"excerpt":{"rendered":"","protected":false},"author":15,"featured_media":0,"parent":0,"menu_order":8,"comment_status":"closed","ping_status":"closed","template":"","meta":{"_acf_changed":false,"footnotes":""},"class_list":["post-10887","page","type-page","status-publish","hentry"],"acf":[],"yoast_head":"<!-- This site is optimized with the Yoast SEO plugin v25.2 - https:\/\/yoast.com\/wordpress\/plugins\/seo\/ -->\n<title>Arquitectos y dise\u00f1adores para tus locales | Localiarreda<\/title>\n<meta name=\"description\" content=\"\u00bfTienes que dise\u00f1ar, renovar, acondicionar o amueblar un establecimiento, un restaurante, un bar, un pub? \u00a1Conf\u00eda en los especialistas de Locali Arreda!\" \/>\n<meta name=\"robots\" content=\"index, follow, max-snippet:-1, max-image-preview:large, max-video-preview:-1\" \/>\n<link rel=\"canonical\" href=\"https:\/\/localiarreda.it\/es\/quienes-somos\/\" \/>\n<meta property=\"og:locale\" content=\"es_ES\" \/>\n<meta property=\"og:type\" content=\"article\" \/>\n<meta property=\"og:title\" content=\"Arquitectos y dise\u00f1adores para tus locales | Localiarreda\" \/>\n<meta property=\"og:description\" content=\"\u00bfTienes que dise\u00f1ar, renovar, acondicionar o amueblar un establecimiento, un restaurante, un bar, un pub? \u00a1Conf\u00eda en los especialistas de Locali Arreda!\" \/>\n<meta property=\"og:url\" content=\"https:\/\/localiarreda.it\/es\/quienes-somos\/\" \/>\n<meta property=\"og:site_name\" content=\"Localiarreda\" \/>\n<meta property=\"article:modified_time\" content=\"2025-12-18T13:36:24+00:00\" \/>\n<meta property=\"og:image\" content=\"https:\/\/localiarreda.it\/wp-content\/uploads\/2022\/01\/andrea-nonni-b-w.jpg\" \/>\n<meta name=\"twitter:card\" content=\"summary_large_image\" \/>\n<meta name=\"twitter:label1\" content=\"Tiempo de lectura\" \/>\n\t<meta name=\"twitter:data1\" content=\"2 minutos\" \/>\n<script type=\"application\/ld+json\" class=\"yoast-schema-graph\">{\"@context\":\"https:\/\/schema.org\",\"@graph\":[{\"@type\":\"WebPage\",\"@id\":\"https:\/\/localiarreda.it\/es\/quienes-somos\/\",\"url\":\"https:\/\/localiarreda.it\/es\/quienes-somos\/\",\"name\":\"Arquitectos y dise\u00f1adores para tus locales | Localiarreda\",\"isPartOf\":{\"@id\":\"https:\/\/localiarreda.it\/es\/#website\"},\"primaryImageOfPage\":{\"@id\":\"https:\/\/localiarreda.it\/es\/quienes-somos\/#primaryimage\"},\"image\":{\"@id\":\"https:\/\/localiarreda.it\/es\/quienes-somos\/#primaryimage\"},\"thumbnailUrl\":\"https:\/\/localiarreda.it\/wp-content\/uploads\/2022\/01\/andrea-nonni-b-w.jpg\",\"datePublished\":\"2019-12-19T14:44:32+00:00\",\"dateModified\":\"2025-12-18T13:36:24+00:00\",\"description\":\"\u00bfTienes que dise\u00f1ar, renovar, acondicionar o amueblar un establecimiento, un restaurante, un bar, un pub? \u00a1Conf\u00eda en los especialistas de Locali Arreda!\",\"breadcrumb\":{\"@id\":\"https:\/\/localiarreda.it\/es\/quienes-somos\/#breadcrumb\"},\"inLanguage\":\"es\",\"potentialAction\":[{\"@type\":\"ReadAction\",\"target\":[\"https:\/\/localiarreda.it\/es\/quienes-somos\/\"]}]},{\"@type\":\"ImageObject\",\"inLanguage\":\"es\",\"@id\":\"https:\/\/localiarreda.it\/es\/quienes-somos\/#primaryimage\",\"url\":\"https:\/\/localiarreda.it\/wp-content\/uploads\/2022\/01\/andrea-nonni-b-w.jpg\",\"contentUrl\":\"https:\/\/localiarreda.it\/wp-content\/uploads\/2022\/01\/andrea-nonni-b-w.jpg\"},{\"@type\":\"BreadcrumbList\",\"@id\":\"https:\/\/localiarreda.it\/es\/quienes-somos\/#breadcrumb\",\"itemListElement\":[{\"@type\":\"ListItem\",\"position\":1,\"name\":\"Home\",\"item\":\"https:\/\/localiarreda.it\/es\/pagina-de-inicio\/\"},{\"@type\":\"ListItem\",\"position\":2,\"name\":\"Quienes somos\"}]},{\"@type\":\"WebSite\",\"@id\":\"https:\/\/localiarreda.it\/es\/#website\",\"url\":\"https:\/\/localiarreda.it\/es\/\",\"name\":\"Localiarreda\",\"description\":\"Progettiamo e arrediamo il tuo locale da sogno\",\"publisher\":{\"@id\":\"https:\/\/localiarreda.it\/es\/#organization\"},\"potentialAction\":[{\"@type\":\"SearchAction\",\"target\":{\"@type\":\"EntryPoint\",\"urlTemplate\":\"https:\/\/localiarreda.it\/es\/?s={search_term_string}\"},\"query-input\":{\"@type\":\"PropertyValueSpecification\",\"valueRequired\":true,\"valueName\":\"search_term_string\"}}],\"inLanguage\":\"es\"},{\"@type\":\"Organization\",\"@id\":\"https:\/\/localiarreda.it\/es\/#organization\",\"name\":\"Localiarreda\",\"url\":\"https:\/\/localiarreda.it\/es\/\",\"logo\":{\"@type\":\"ImageObject\",\"inLanguage\":\"es\",\"@id\":\"https:\/\/localiarreda.it\/es\/#\/schema\/logo\/image\/\",\"url\":\"https:\/\/localiarreda.it\/wp-content\/uploads\/2022\/01\/nuovo-logo-localiarreda-nero.png\",\"contentUrl\":\"https:\/\/localiarreda.it\/wp-content\/uploads\/2022\/01\/nuovo-logo-localiarreda-nero.png\",\"width\":350,\"height\":76,\"caption\":\"Localiarreda\"},\"image\":{\"@id\":\"https:\/\/localiarreda.it\/es\/#\/schema\/logo\/image\/\"}}]}<\/script>\n<!-- \/ Yoast SEO plugin. -->","yoast_head_json":{"title":"Arquitectos y dise\u00f1adores para tus locales | Localiarreda","description":"\u00bfTienes que dise\u00f1ar, renovar, acondicionar o amueblar un establecimiento, un restaurante, un bar, un pub? \u00a1Conf\u00eda en los especialistas de Locali Arreda!","robots":{"index":"index","follow":"follow","max-snippet":"max-snippet:-1","max-image-preview":"max-image-preview:large","max-video-preview":"max-video-preview:-1"},"canonical":"https:\/\/localiarreda.it\/es\/quienes-somos\/","og_locale":"es_ES","og_type":"article","og_title":"Arquitectos y dise\u00f1adores para tus locales | Localiarreda","og_description":"\u00bfTienes que dise\u00f1ar, renovar, acondicionar o amueblar un establecimiento, un restaurante, un bar, un pub? \u00a1Conf\u00eda en los especialistas de Locali Arreda!","og_url":"https:\/\/localiarreda.it\/es\/quienes-somos\/","og_site_name":"Localiarreda","article_modified_time":"2025-12-18T13:36:24+00:00","og_image":[{"url":"https:\/\/localiarreda.it\/wp-content\/uploads\/2022\/01\/andrea-nonni-b-w.jpg","type":"","width":"","height":""}],"twitter_card":"summary_large_image","twitter_misc":{"Tiempo de lectura":"2 minutos"},"schema":{"@context":"https:\/\/schema.org","@graph":[{"@type":"WebPage","@id":"https:\/\/localiarreda.it\/es\/quienes-somos\/","url":"https:\/\/localiarreda.it\/es\/quienes-somos\/","name":"Arquitectos y dise\u00f1adores para tus locales | Localiarreda","isPartOf":{"@id":"https:\/\/localiarreda.it\/es\/#website"},"primaryImageOfPage":{"@id":"https:\/\/localiarreda.it\/es\/quienes-somos\/#primaryimage"},"image":{"@id":"https:\/\/localiarreda.it\/es\/quienes-somos\/#primaryimage"},"thumbnailUrl":"https:\/\/localiarreda.it\/wp-content\/uploads\/2022\/01\/andrea-nonni-b-w.jpg","datePublished":"2019-12-19T14:44:32+00:00","dateModified":"2025-12-18T13:36:24+00:00","description":"\u00bfTienes que dise\u00f1ar, renovar, acondicionar o amueblar un establecimiento, un restaurante, un bar, un pub? \u00a1Conf\u00eda en los especialistas de Locali Arreda!","breadcrumb":{"@id":"https:\/\/localiarreda.it\/es\/quienes-somos\/#breadcrumb"},"inLanguage":"es","potentialAction":[{"@type":"ReadAction","target":["https:\/\/localiarreda.it\/es\/quienes-somos\/"]}]},{"@type":"ImageObject","inLanguage":"es","@id":"https:\/\/localiarreda.it\/es\/quienes-somos\/#primaryimage","url":"https:\/\/localiarreda.it\/wp-content\/uploads\/2022\/01\/andrea-nonni-b-w.jpg","contentUrl":"https:\/\/localiarreda.it\/wp-content\/uploads\/2022\/01\/andrea-nonni-b-w.jpg"},{"@type":"BreadcrumbList","@id":"https:\/\/localiarreda.it\/es\/quienes-somos\/#breadcrumb","itemListElement":[{"@type":"ListItem","position":1,"name":"Home","item":"https:\/\/localiarreda.it\/es\/pagina-de-inicio\/"},{"@type":"ListItem","position":2,"name":"Quienes somos"}]},{"@type":"WebSite","@id":"https:\/\/localiarreda.it\/es\/#website","url":"https:\/\/localiarreda.it\/es\/","name":"Localiarreda","description":"Progettiamo e arrediamo il tuo locale da sogno","publisher":{"@id":"https:\/\/localiarreda.it\/es\/#organization"},"potentialAction":[{"@type":"SearchAction","target":{"@type":"EntryPoint","urlTemplate":"https:\/\/localiarreda.it\/es\/?s={search_term_string}"},"query-input":{"@type":"PropertyValueSpecification","valueRequired":true,"valueName":"search_term_string"}}],"inLanguage":"es"},{"@type":"Organization","@id":"https:\/\/localiarreda.it\/es\/#organization","name":"Localiarreda","url":"https:\/\/localiarreda.it\/es\/","logo":{"@type":"ImageObject","inLanguage":"es","@id":"https:\/\/localiarreda.it\/es\/#\/schema\/logo\/image\/","url":"https:\/\/localiarreda.it\/wp-content\/uploads\/2022\/01\/nuovo-logo-localiarreda-nero.png","contentUrl":"https:\/\/localiarreda.it\/wp-content\/uploads\/2022\/01\/nuovo-logo-localiarreda-nero.png","width":350,"height":76,"caption":"Localiarreda"},"image":{"@id":"https:\/\/localiarreda.it\/es\/#\/schema\/logo\/image\/"}}]}},"_links":{"self":[{"href":"https:\/\/localiarreda.it\/es\/wp-json\/wp\/v2\/pages\/10887","targetHints":{"allow":["GET"]}}],"collection":[{"href":"https:\/\/localiarreda.it\/es\/wp-json\/wp\/v2\/pages"}],"about":[{"href":"https:\/\/localiarreda.it\/es\/wp-json\/wp\/v2\/types\/page"}],"author":[{"embeddable":true,"href":"https:\/\/localiarreda.it\/es\/wp-json\/wp\/v2\/users\/15"}],"replies":[{"embeddable":true,"href":"https:\/\/localiarreda.it\/es\/wp-json\/wp\/v2\/comments?post=10887"}],"version-history":[{"count":2,"href":"https:\/\/localiarreda.it\/es\/wp-json\/wp\/v2\/pages\/10887\/revisions"}],"predecessor-version":[{"id":11916,"href":"https:\/\/localiarreda.it\/es\/wp-json\/wp\/v2\/pages\/10887\/revisions\/11916"}],"wp:attachment":[{"href":"https:\/\/localiarreda.it\/es\/wp-json\/wp\/v2\/media?parent=10887"}],"curies":[{"name":"wp","href":"https:\/\/api.w.org\/{rel}","templated":true}]}}